{"id":57,"date":"2023-11-29T20:04:30","date_gmt":"2023-11-29T20:04:30","guid":{"rendered":"https:\/\/bbecuador.com\/?page_id=57"},"modified":"2023-12-15T03:18:16","modified_gmt":"2023-12-15T03:18:16","slug":"our-products","status":"publish","type":"page","link":"https:\/\/bbecuador.com\/es\/our-products\/","title":{"rendered":"Nuestros productos"},"content":{"rendered":"<div class=\"banner has-hover\" id=\"banner-284467903\">\n          <div class=\"banner-inner fill\">\n        <div class=\"banner-bg fill\" >\n            <img loading=\"lazy\" decoding=\"async\" width=\"2560\" height=\"811\" src=\"https:\/\/bbecuador.com\/wp-content\/uploads\/2023\/12\/header_top_SC-scaled.jpg\" class=\"bg attachment-original size-original\" alt=\"\" \/>                                    \n                    <\/div>\n\t\t\n        <div class=\"banner-layers container\">\n            <div class=\"fill banner-link\"><\/div>            \n\n   <div id=\"text-box-1055815448\" class=\"text-box banner-layer x0 md-x50 lg-x50 y0 md-y50 lg-y50 res-text\">\n                                <div class=\"text-box-content text dark\">\n              \n              <div class=\"text-inner text-center\">\n                  \n\n\t<div id=\"text-1855117979\" class=\"text show-for-small\">\n\t\t\n\n<h4 style=\"text-align: left;\">\u00a0 \u00a0 <strong>MENU<\/strong><\/h4>\n\t\t\n<style>\n#text-1855117979 {\n  color: rgb(0,0,0);\n}\n#text-1855117979 > * {\n  color: rgb(0,0,0);\n}\n<\/style>\n\t<\/div>\n\t\n\n              <\/div>\n           <\/div>\n                            \n<style>\n#text-box-1055815448 {\n  margin: -5px 0px 0px -7px;\n  width: 60%;\n}\n#text-box-1055815448 .text-box-content {\n  font-size: 100%;\n}\n<\/style>\n    <\/div>\n \n\n        <\/div>\n      <\/div>\n\n            \n<style>\n#banner-284467903 {\n  padding-top: 40%;\n  background-color: #FFF;\n}\n#banner-284467903 .banner-bg img {\n  object-position: 0% 100%;\n}\n@media (min-width:550px) {\n  #banner-284467903 {\n    padding-top: 32%;\n  }\n}\n<\/style>\n  <\/div>\n\n\n\n  <div class=\"banner has-hover hide-for-medium\" id=\"banner-1203602007\">\n          <div class=\"banner-inner fill\">\n        <div class=\"banner-bg fill\" >\n                                                \n                    <\/div>\n\t\t\n        <div class=\"banner-layers container\">\n            <div class=\"fill banner-link\"><\/div>               <div id=\"text-box-329145023\" class=\"text-box banner-layer x50 md-x50 lg-x50 y50 md-y50 lg-y50 res-text\">\n                     <div data-animate=\"fadeIn\">           <div class=\"text-box-content text dark\">\n              \n              <div class=\"text-inner text-center\">\n                  \n\n\n              <\/div>\n           <\/div>\n       <\/div>                     \n<style>\n#text-box-329145023 {\n  width: 60%;\n}\n#text-box-329145023 .text-box-content {\n  font-size: 100%;\n}\n@media (min-width:550px) {\n  #text-box-329145023 {\n    width: 60%;\n  }\n}\n<\/style>\n    <\/div>\n         <\/div>\n      <\/div>\n\n            \n<style>\n#banner-1203602007 {\n  padding-top: 20px;\n  background-color: rgb(241, 246, 210);\n}\n@media (min-width:550px) {\n  #banner-1203602007 {\n    padding-top: 20px;\n  }\n}\n<\/style>\n  <\/div>\n\n\n\n  <div class=\"banner has-hover\" id=\"banner-1232066183\">\n          <div class=\"banner-inner fill\">\n        <div class=\"banner-bg fill\" >\n                                                \n                    <\/div>\n\t\t\n        <div class=\"banner-layers container\">\n            <div class=\"fill banner-link\"><\/div>            \n\n   <div id=\"text-box-1040435044\" class=\"text-box banner-layer x0 md-x0 lg-x0 y50 md-y50 lg-y50 res-text\">\n                                <div class=\"text-box-content text dark\">\n              \n              <div class=\"text-inner text-center\">\n                  \n\n\t<div id=\"text-659930044\" class=\"text\">\n\t\t\n\n<h3>Convencional<\/h3>\n<p>\u201cNuestras Bananas Convencionales son frutas vers\u00e1tiles y nutritivas, ideales para el consumo diario. Con un equilibrio perfecto de dulzura natural y una textura suave, son una fuente excelente de fibra, potasio y vitaminas. Cultivadas para garantizar calidad y frescura, son un cl\u00e1sico imprescindible en cualquier hogar.\u201d<\/p>\n\t\t\n<style>\n#text-659930044 {\n  text-align: left;\n  color: rgb(6, 45, 2);\n}\n#text-659930044 > * {\n  color: rgb(6, 45, 2);\n}\n<\/style>\n\t<\/div>\n\t\n\t<div class=\"img has-hover x md-x lg-x y md-y lg-y\" id=\"image_1730351816\">\n\t\t\t\t\t\t\t\t<div class=\"img-inner box-shadow-2 dark\" >\n\t\t\t<img loading=\"lazy\" decoding=\"async\" width=\"1020\" height=\"1020\" src=\"https:\/\/bbecuador.com\/wp-content\/uploads\/2023\/12\/conventional.jpg\" class=\"attachment-large size-large\" alt=\"\" srcset=\"https:\/\/bbecuador.com\/wp-content\/uploads\/2023\/12\/conventional.jpg 1024w, https:\/\/bbecuador.com\/wp-content\/uploads\/2023\/12\/conventional-300x300.jpg 300w, https:\/\/bbecuador.com\/wp-content\/uploads\/2023\/12\/conventional-150x150.jpg 150w, https:\/\/bbecuador.com\/wp-content\/uploads\/2023\/12\/conventional-768x768.jpg 768w\" sizes=\"auto, (max-width: 1020px) 100vw, 1020px\" \/>\t\t\t\t\t\t\n\t\t\t\t\t<\/div>\n\t\t\t\t\t\t\t\t\n<style>\n#image_1730351816 {\n  width: 100%;\n}\n<\/style>\n\t<\/div>\n\t\n\n\n              <\/div>\n           <\/div>\n                            \n<style>\n#text-box-1040435044 {\n  margin: 0px 0px 0px 7px;\n  width: 31%;\n}\n#text-box-1040435044 .text-box-content {\n  font-size: 100%;\n}\n@media (min-width:550px) {\n  #text-box-1040435044 {\n    width: 31%;\n  }\n}\n<\/style>\n    <\/div>\n \n   <div id=\"text-box-1054888746\" class=\"text-box banner-layer x50 md-x50 lg-x50 y50 md-y50 lg-y50 res-text\">\n                                <div class=\"text-box-content text dark\">\n              \n              <div class=\"text-inner text-center\">\n                  \n\n\t<div class=\"img has-hover x md-x lg-x y md-y lg-y\" id=\"image_68615655\">\n\t\t\t\t\t\t\t\t<div class=\"img-inner box-shadow-2 dark\" >\n\t\t\t<img loading=\"lazy\" decoding=\"async\" width=\"1020\" height=\"1020\" src=\"https:\/\/bbecuador.com\/wp-content\/uploads\/2023\/12\/red.jpg\" class=\"attachment-large size-large\" alt=\"\" srcset=\"https:\/\/bbecuador.com\/wp-content\/uploads\/2023\/12\/red.jpg 1024w, https:\/\/bbecuador.com\/wp-content\/uploads\/2023\/12\/red-300x300.jpg 300w, https:\/\/bbecuador.com\/wp-content\/uploads\/2023\/12\/red-150x150.jpg 150w, https:\/\/bbecuador.com\/wp-content\/uploads\/2023\/12\/red-768x768.jpg 768w\" sizes=\"auto, (max-width: 1020px) 100vw, 1020px\" \/>\t\t\t\t\t\t\n\t\t\t\t\t<\/div>\n\t\t\t\t\t\t\t\t\n<style>\n#image_68615655 {\n  width: 100%;\n}\n<\/style>\n\t<\/div>\n\t\n\n\t<div id=\"text-2600749189\" class=\"text\">\n\t\t\n\n<h3>ROJO<\/h3>\n<p>\u201cLas Bananas Rojas, m\u00e1s cortas, gruesas y densas que las amarillas, ofrecen una textura cremosa con un aroma sutil que recuerda a frambuesas o bayas rojas. Ricas en beta-caroteno y minerales como hierro y potasio, estas bananas son una opci\u00f3n m\u00e1s saludable con un perfil nutricional \u00fanico.\u201d<\/p>\n\t\t\n<style>\n#text-2600749189 {\n  text-align: left;\n  color: rgb(6, 45, 2);\n}\n#text-2600749189 > * {\n  color: rgb(6, 45, 2);\n}\n<\/style>\n\t<\/div>\n\t\n\n              <\/div>\n           <\/div>\n                            \n<style>\n#text-box-1054888746 {\n  width: 31%;\n}\n#text-box-1054888746 .text-box-content {\n  font-size: 100%;\n}\n<\/style>\n    <\/div>\n \n   <div id=\"text-box-1877834241\" class=\"text-box banner-layer x100 md-x100 lg-x100 y50 md-y50 lg-y50 res-text\">\n                                <div class=\"text-box-content text dark\">\n              \n              <div class=\"text-inner text-center\">\n                  \n\n\t<div id=\"text-3676505468\" class=\"text\">\n\t\t\n\n<h3>Organicos<\/h3>\n<p>\u201cCultivadas de forma ecol\u00f3gica y libres de pesticidas convencionales, nuestras Bananas Org\u00e1nicas poseen un sabor superior. Certificadas bajo est\u00e1ndares como Global Gap y USDA, estas bananas no solo son mejores para su salud sino tambi\u00e9n para el medio ambiente, ofreciendo una rica diversidad de flora y fauna en su cultivo.\u201d<\/p>\n\t\t\n<style>\n#text-3676505468 {\n  text-align: left;\n  color: rgb(6, 45, 2);\n}\n#text-3676505468 > * {\n  color: rgb(6, 45, 2);\n}\n<\/style>\n\t<\/div>\n\t\n\t<div class=\"img has-hover x md-x lg-x y md-y lg-y\" id=\"image_834561032\">\n\t\t\t\t\t\t\t\t<div class=\"img-inner box-shadow-2 dark\" >\n\t\t\t<img loading=\"lazy\" decoding=\"async\" width=\"1020\" height=\"1020\" src=\"https:\/\/bbecuador.com\/wp-content\/uploads\/2023\/12\/organic-1.jpg\" class=\"attachment-large size-large\" alt=\"\" srcset=\"https:\/\/bbecuador.com\/wp-content\/uploads\/2023\/12\/organic-1.jpg 1024w, https:\/\/bbecuador.com\/wp-content\/uploads\/2023\/12\/organic-1-300x300.jpg 300w, https:\/\/bbecuador.com\/wp-content\/uploads\/2023\/12\/organic-1-150x150.jpg 150w, https:\/\/bbecuador.com\/wp-content\/uploads\/2023\/12\/organic-1-768x768.jpg 768w\" sizes=\"auto, (max-width: 1020px) 100vw, 1020px\" \/>\t\t\t\t\t\t\n\t\t\t\t\t<\/div>\n\t\t\t\t\t\t\t\t\n<style>\n#image_834561032 {\n  width: 100%;\n}\n<\/style>\n\t<\/div>\n\t\n\n\n              <\/div>\n           <\/div>\n                            \n<style>\n#text-box-1877834241 {\n  margin: 0px 6px 0px 0px;\n  width: 31%;\n}\n#text-box-1877834241 .text-box-content {\n  font-size: 100%;\n}\n<\/style>\n    <\/div>\n \n\n        <\/div>\n      <\/div>\n\n            \n<style>\n#banner-1232066183 {\n  padding-top: 480px;\n  background-color: rgb(241, 246, 210);\n}\n@media (min-width:550px) {\n  #banner-1232066183 {\n    padding-top: 615px;\n  }\n}\n<\/style>\n  <\/div>\n\n\n\n  <div class=\"banner has-hover\" id=\"banner-1309573855\">\n          <div class=\"banner-inner fill\">\n        <div class=\"banner-bg fill\" >\n                                                \n                    <\/div>\n\t\t\n        <div class=\"banner-layers container\">\n            <div class=\"fill banner-link\"><\/div>            \n\n   <div id=\"text-box-1885554195\" class=\"text-box banner-layer x0 md-x0 lg-x0 y50 md-y50 lg-y50 res-text\">\n                                <div class=\"text-box-content text dark\">\n              \n              <div class=\"text-inner text-center\">\n                  \n\n\t<div id=\"text-3412943630\" class=\"text\">\n\t\t\n\n<h3>Pl\u00e1tano<\/h3>\n<p>\u201cEl Pl\u00e1tano es una banana vegetal grande que requiere cocci\u00f3n antes de su consumo. Muy popular en la cocina del Caribe, Am\u00e9rica Latina y \u00c1frica, se puede preparar de diversas maneras, desde horneado hasta frito. Rico en vitamina C y A, es m\u00e1s una fuente de almid\u00f3n que de az\u00facar.\u201d<\/p>\n\t\t\n<style>\n#text-3412943630 {\n  text-align: left;\n  color: rgb(6, 45, 2);\n}\n#text-3412943630 > * {\n  color: rgb(6, 45, 2);\n}\n<\/style>\n\t<\/div>\n\t\n\t<div class=\"img has-hover x md-x lg-x y md-y lg-y\" id=\"image_741816886\">\n\t\t\t\t\t\t\t\t<div class=\"img-inner box-shadow-2 dark\" >\n\t\t\t<img loading=\"lazy\" decoding=\"async\" width=\"1020\" height=\"1020\" src=\"https:\/\/bbecuador.com\/wp-content\/uploads\/2023\/12\/plantain.jpg\" class=\"attachment-large size-large\" alt=\"\" srcset=\"https:\/\/bbecuador.com\/wp-content\/uploads\/2023\/12\/plantain.jpg 1024w, https:\/\/bbecuador.com\/wp-content\/uploads\/2023\/12\/plantain-300x300.jpg 300w, https:\/\/bbecuador.com\/wp-content\/uploads\/2023\/12\/plantain-150x150.jpg 150w, https:\/\/bbecuador.com\/wp-content\/uploads\/2023\/12\/plantain-768x768.jpg 768w\" sizes=\"auto, (max-width: 1020px) 100vw, 1020px\" \/>\t\t\t\t\t\t\n\t\t\t\t\t<\/div>\n\t\t\t\t\t\t\t\t\n<style>\n#image_741816886 {\n  width: 100%;\n}\n<\/style>\n\t<\/div>\n\t\n\n\n              <\/div>\n           <\/div>\n                            \n<style>\n#text-box-1885554195 {\n  margin: -58px 0px 0px 6px;\n  width: 31%;\n}\n#text-box-1885554195 .text-inner {\n  padding: px 0px 0px 0px;\n}\n#text-box-1885554195 .text-box-content {\n  font-size: 100%;\n}\n@media (min-width:550px) {\n  #text-box-1885554195 {\n    margin: 10px 0px 0px 0px;\n  }\n}\n<\/style>\n    <\/div>\n \n   <div id=\"text-box-1047973043\" class=\"text-box banner-layer x50 md-x50 lg-x50 y50 md-y50 lg-y50 res-text\">\n                                <div class=\"text-box-content text dark\">\n              \n              <div class=\"text-inner text-center\">\n                  \n\n\t<div class=\"img has-hover x md-x lg-x y md-y lg-y\" id=\"image_454666710\">\n\t\t\t\t\t\t\t\t<div class=\"img-inner box-shadow-2 dark\" >\n\t\t\t<img loading=\"lazy\" decoding=\"async\" width=\"1020\" height=\"1020\" src=\"https:\/\/bbecuador.com\/wp-content\/uploads\/2023\/12\/Baby.jpg\" class=\"attachment-large size-large\" alt=\"\" srcset=\"https:\/\/bbecuador.com\/wp-content\/uploads\/2023\/12\/Baby.jpg 1024w, https:\/\/bbecuador.com\/wp-content\/uploads\/2023\/12\/Baby-300x300.jpg 300w, https:\/\/bbecuador.com\/wp-content\/uploads\/2023\/12\/Baby-150x150.jpg 150w, https:\/\/bbecuador.com\/wp-content\/uploads\/2023\/12\/Baby-768x768.jpg 768w\" sizes=\"auto, (max-width: 1020px) 100vw, 1020px\" \/>\t\t\t\t\t\t\n\t\t\t\t\t<\/div>\n\t\t\t\t\t\t\t\t\n<style>\n#image_454666710 {\n  width: 100%;\n}\n<\/style>\n\t<\/div>\n\t\n\n\t<div id=\"text-3275688311\" class=\"text\">\n\t\t\n\n<h3>Baby Banana<\/h3>\n<p>\u201cPeque\u00f1as y dulces, las Bananas Beb\u00e9 son perfectas para manos peque\u00f1as. Su piel delgada y textura cremosa se complementan con un intenso aroma y sabores de vainilla y caramelo. Ideales para loncheras escolares, alcanzan su madurez \u00f3ptima cuando aparecen peque\u00f1as \u2018pecas\u2019 en su superficie.\u201d<\/p>\n\t\t\n<style>\n#text-3275688311 {\n  text-align: left;\n  color: rgb(6, 45, 2);\n}\n#text-3275688311 > * {\n  color: rgb(6, 45, 2);\n}\n<\/style>\n\t<\/div>\n\t\n\n              <\/div>\n           <\/div>\n                            \n<style>\n#text-box-1047973043 {\n  width: 31%;\n}\n#text-box-1047973043 .text-box-content {\n  font-size: 100%;\n}\n<\/style>\n    <\/div>\n \n   <div id=\"text-box-658297756\" class=\"text-box banner-layer x100 md-x100 lg-x100 y50 md-y50 lg-y50 res-text\">\n                                <div class=\"text-box-content text dark\">\n              \n              <div class=\"text-inner text-center\">\n                  \n\n\t<div id=\"text-3636413281\" class=\"text\">\n\t\t\n\n<h3>Calidad en Cada Banano<\/h3>\n<p>En Beauty Bananas, ofrecemos una selecci\u00f3n especial de bananas para cada gusto. Desde las deliciosas y peque\u00f1as Bananas Beb\u00e9 hasta las nutritivas  Org\u00e1nicas,,cada variedad brilla por su sabor \u00fanico y calidad superior. Incluyendo nuestras Bananas Convencionales, perfectas para el d\u00eda a d\u00eda, nuestra gama garantiza frescura y delicia en cada bocado. \u00a1Descubre la diferencia conBeauty Bananas!<\/p>\n\t\t\n<style>\n#text-3636413281 {\n  text-align: left;\n  color: rgb(6, 45, 2);\n}\n#text-3636413281 > * {\n  color: rgb(6, 45, 2);\n}\n<\/style>\n\t<\/div>\n\t\n\t<div class=\"img has-hover x md-x lg-x y md-y lg-y\" id=\"image_1505675692\">\n\t\t\t\t\t\t\t\t<div class=\"img-inner box-shadow-2 dark\" >\n\t\t\t<img loading=\"lazy\" decoding=\"async\" width=\"1020\" height=\"1020\" src=\"https:\/\/bbecuador.com\/wp-content\/uploads\/2023\/12\/DALL\u00b7E-2023-12-08-13.14.48-Visualize-a-wooden-crate-filled-with-an-assortment-of-bananas.-The-crate-is-a-rustic-light-brown-with-visible-wood-grain-adding-to-its-natural-look-1.png\" class=\"attachment-large size-large\" alt=\"\" srcset=\"https:\/\/bbecuador.com\/wp-content\/uploads\/2023\/12\/DALL\u00b7E-2023-12-08-13.14.48-Visualize-a-wooden-crate-filled-with-an-assortment-of-bananas.-The-crate-is-a-rustic-light-brown-with-visible-wood-grain-adding-to-its-natural-look-1.png 1024w, https:\/\/bbecuador.com\/wp-content\/uploads\/2023\/12\/DALL\u00b7E-2023-12-08-13.14.48-Visualize-a-wooden-crate-filled-with-an-assortment-of-bananas.-The-crate-is-a-rustic-light-brown-with-visible-wood-grain-adding-to-its-natural-look-1-300x300.png 300w, https:\/\/bbecuador.com\/wp-content\/uploads\/2023\/12\/DALL\u00b7E-2023-12-08-13.14.48-Visualize-a-wooden-crate-filled-with-an-assortment-of-bananas.-The-crate-is-a-rustic-light-brown-with-visible-wood-grain-adding-to-its-natural-look-1-150x150.png 150w, https:\/\/bbecuador.com\/wp-content\/uploads\/2023\/12\/DALL\u00b7E-2023-12-08-13.14.48-Visualize-a-wooden-crate-filled-with-an-assortment-of-bananas.-The-crate-is-a-rustic-light-brown-with-visible-wood-grain-adding-to-its-natural-look-1-768x768.png 768w\" sizes=\"auto, (max-width: 1020px) 100vw, 1020px\" \/>\t\t\t\t\t\t\n\t\t\t\t\t<\/div>\n\t\t\t\t\t\t\t\t\n<style>\n#image_1505675692 {\n  width: 100%;\n}\n<\/style>\n\t<\/div>\n\t\n\n\n              <\/div>\n           <\/div>\n                            \n<style>\n#text-box-658297756 {\n  margin: 0px 6px 0px 0px;\n  width: 31%;\n}\n#text-box-658297756 .text-box-content {\n  font-size: 100%;\n}\n@media (min-width:550px) {\n  #text-box-658297756 {\n    margin: 20px 0px 0px 0px;\n  }\n}\n<\/style>\n    <\/div>\n \n\n        <\/div>\n      <\/div>\n\n            \n<style>\n#banner-1309573855 {\n  padding-top: 580px;\n  background-color: rgb(241, 246, 210);\n}\n@media (min-width:550px) {\n  #banner-1309573855 {\n    padding-top: 615px;\n  }\n}\n<\/style>\n  <\/div>\n\n\n\n  <div class=\"banner has-hover hide-for-medium\" id=\"banner-407365214\">\n          <div class=\"banner-inner fill\">\n        <div class=\"banner-bg fill\" >\n                                                \n                    <\/div>\n\t\t\n        <div class=\"banner-layers container\">\n            <div class=\"fill banner-link\"><\/div>               <div id=\"text-box-793351189\" class=\"text-box banner-layer x50 md-x50 lg-x50 y50 md-y50 lg-y50 res-text\">\n                     <div data-animate=\"fadeIn\">           <div class=\"text-box-content text dark\">\n              \n              <div class=\"text-inner text-center\">\n                  \n\n\n              <\/div>\n           <\/div>\n       <\/div>                     \n<style>\n#text-box-793351189 {\n  width: 60%;\n}\n#text-box-793351189 .text-box-content {\n  font-size: 100%;\n}\n@media (min-width:550px) {\n  #text-box-793351189 {\n    width: 60%;\n  }\n}\n<\/style>\n    <\/div>\n         <\/div>\n      <\/div>\n\n            \n<style>\n#banner-407365214 {\n  padding-top: 20px;\n  background-color: rgb(241, 246, 210);\n}\n<\/style>\n  <\/div>\n\n\n\n  <div class=\"banner has-hover\" id=\"banner-665520673\">\n          <div class=\"banner-inner fill\">\n        <div class=\"banner-bg fill\" >\n            <img loading=\"lazy\" decoding=\"async\" width=\"2560\" height=\"481\" src=\"https:\/\/bbecuador.com\/wp-content\/uploads\/2023\/12\/header_bottom-scaled.jpg\" class=\"bg attachment-original size-original\" alt=\"\" \/>                                    \n                    <\/div>\n\t\t\n        <div class=\"banner-layers container\">\n            <div class=\"fill banner-link\"><\/div>               <div id=\"text-box-1458229605\" class=\"text-box banner-layer x50 md-x50 lg-x50 y50 md-y50 lg-y50 res-text\">\n                     <div data-animate=\"fadeIn\">           <div class=\"text-box-content text dark\">\n              \n              <div class=\"text-inner text-center\">\n                  \n\n\n              <\/div>\n           <\/div>\n       <\/div>                     \n<style>\n#text-box-1458229605 {\n  width: 60%;\n}\n#text-box-1458229605 .text-box-content {\n  font-size: 100%;\n}\n@media (min-width:550px) {\n  #text-box-1458229605 {\n    width: 60%;\n  }\n}\n<\/style>\n    <\/div>\n         <\/div>\n      <\/div>\n\n            \n<style>\n#banner-665520673 {\n  padding-top: 23%;\n  background-color: #FFF;\n}\n#banner-665520673 .banner-bg img {\n  object-position: 50% 0%;\n}\n@media (min-width:550px) {\n  #banner-665520673 {\n    padding-top: 20%;\n  }\n}\n<\/style>\n  <\/div>","protected":false},"excerpt":{"rendered":"","protected":false},"author":1,"featured_media":0,"parent":0,"menu_order":0,"comment_status":"closed","ping_status":"closed","template":"page-transparent-header.php","meta":{"footnotes":""},"class_list":["post-57","page","type-page","status-publish","hentry"],"_links":{"self":[{"href":"https:\/\/bbecuador.com\/es\/wp-json\/wp\/v2\/pages\/57","targetHints":{"allow":["GET"]}}],"collection":[{"href":"https:\/\/bbecuador.com\/es\/wp-json\/wp\/v2\/pages"}],"about":[{"href":"https:\/\/bbecuador.com\/es\/wp-json\/wp\/v2\/types\/page"}],"author":[{"embeddable":true,"href":"https:\/\/bbecuador.com\/es\/wp-json\/wp\/v2\/users\/1"}],"replies":[{"embeddable":true,"href":"https:\/\/bbecuador.com\/es\/wp-json\/wp\/v2\/comments?post=57"}],"version-history":[{"count":67,"href":"https:\/\/bbecuador.com\/es\/wp-json\/wp\/v2\/pages\/57\/revisions"}],"predecessor-version":[{"id":516,"href":"https:\/\/bbecuador.com\/es\/wp-json\/wp\/v2\/pages\/57\/revisions\/516"}],"wp:attachment":[{"href":"https:\/\/bbecuador.com\/es\/wp-json\/wp\/v2\/media?parent=57"}],"curies":[{"name":"wp","href":"https:\/\/api.w.org\/{rel}","templated":true}]}}