{"id":46,"date":"2023-11-29T19:33:39","date_gmt":"2023-11-29T19:33:39","guid":{"rendered":"https:\/\/bbecuador.com\/?page_id=46"},"modified":"2023-12-15T03:19:59","modified_gmt":"2023-12-15T03:19:59","slug":"about-us","status":"publish","type":"page","link":"https:\/\/bbecuador.com\/es\/about-us\/","title":{"rendered":"Sobre nosotros"},"content":{"rendered":"<div class=\"banner has-hover hide-for-small\" id=\"banner-775646438\">\n          <div class=\"banner-inner fill\">\n        <div class=\"banner-bg fill\" >\n            <img loading=\"lazy\" decoding=\"async\" width=\"1921\" height=\"2252\" src=\"https:\/\/bbecuador.com\/wp-content\/uploads\/2023\/12\/about-us2R.jpg\" class=\"bg attachment-original size-original\" alt=\"\" \/>                                    \n                    <\/div>\n\t\t\n        <div class=\"banner-layers container\">\n            <div class=\"fill banner-link\"><\/div>            \n\n   <div id=\"text-box-673856292\" class=\"text-box banner-layer x50 md-x90 lg-x90 y75 md-y85 lg-y85 res-text\">\n                                <div class=\"text-box-content text dark\">\n              \n              <div class=\"text-inner text-center\">\n                  \n\n<h3 style=\"text-align: left;\"><strong>Sobre nosotros<\/strong><\/h3>\n<p>\u00a0<\/p>\n<p style=\"text-align: left;\">\u00a0Bienvenidos a Beauty Banana, el coraz\u00f3n de la agricultura sostenible de bananas en la exuberante provincia de Los R\u00edos, Ecuador. Somos un colectivo dedicado de productores de bananas independientes, peque\u00f1os y medianos, que creemos en el poder de la unidad y las pr\u00e1cticas \u00e9ticas para transformar la industria.<\/p>\n<p style=\"text-align: left;\">\u00a0 \u00a0 Fundada bajo el principio del comercio directo y honesto, nuestra asociaci\u00f3n comprende 30 miembros apasionados que han dominado magistralmente el arte de la producci\u00f3n de bananas. Cada semana, suministramos orgullosamente al mercado global 20,000 cajas de nuestras mejores bananas, llegando a manos agradecidas en Europa, Oriente Medio y m\u00e1s all\u00e1.<\/p>\n<p style=\"text-align: center;\">Nuestro Oficio<\/p>\n<p style=\"text-align: left;\">\u00a0 \u00a0 Desde el suelo f\u00e9rtil de nuestras granjas hasta el meticuloso procesamiento en nuestras instalaciones, cada banana convencional y org\u00e1nica es un testimonio de nuestro compromiso con la excelencia. Nuestras bananas no son solo frutas; son el fruto del trabajo que cumple con los m\u00e1s altos est\u00e1ndares internacionales, asegurando que cada bocado que disfrutes sea una celebraci\u00f3n de la calidad.<\/p>\n<p style=\"text-align: left;\">\u00a0 \u00a0 En Beauty Banana, somos m\u00e1s que productores; somos guardianes de la tierra y defensores del bienestar de nuestra comunidad. Nuestras granjas son un s\u00edmbolo de integridad agr\u00edcola, con certificaciones reconocidas de GLOBALG.A.P., y son reconocidas por su seguridad alimentaria y pr\u00e1cticas agr\u00edcolas \u00e9ticas.<\/p>\n<p style=\"text-align: center;\">Nuestra Visi\u00f3n<\/p>\n<p style=\"text-align: left;\">\u00a0 \u00a0 Visualizamos un mundo donde el viaje de nuestras bananas desde la hacienda hasta la mesa sea tan puro como la fruta misma. Al vender directamente a usted, nuestro estimado cliente, eliminamos intermediarios innecesarios, fomentando una conexi\u00f3n m\u00e1s cercana entre el productor y el consumidor. Este enfoque no solo mejora la calidad de nuestros productos, sino que tambi\u00e9n apoya los medios de vida de nuestros agricultores, asegurando que reciban el valor completo                 \n                                      de su incansable trabajo.<\/p>\n\n              <\/div>\n           <\/div>\n                            \n<style>\n#text-box-673856292 {\n  margin: 0px 0px -200px 0px;\n  width: 90%;\n}\n#text-box-673856292 .text-inner {\n  padding: 0px 0px 0px 0px;\n}\n#text-box-673856292 .text-box-content {\n  font-size: 100%;\n}\n@media (min-width:550px) {\n  #text-box-673856292 {\n    margin: 0px 0px -15px 0px;\n    width: 72%;\n  }\n}\n<\/style>\n    <\/div>\n \n\n        <\/div>\n      <\/div>\n\n            \n<style>\n#banner-775646438 {\n  padding-top: 215%;\n  background-color: #FFF;\n}\n#banner-775646438 .banner-bg img {\n  object-position: 54% 15%;\n}\n@media (min-width:550px) {\n  #banner-775646438 {\n    padding-top: 99.99%;\n  }\n}\n<\/style>\n  <\/div>\n\n\n\n  <div class=\"banner has-hover show-for-medium\" id=\"banner-1212722335\">\n          <div class=\"banner-inner fill\">\n        <div class=\"banner-bg fill\" >\n            <img loading=\"lazy\" decoding=\"async\" width=\"1097\" height=\"2560\" src=\"https:\/\/bbecuador.com\/wp-content\/uploads\/2023\/12\/about-us4_mobile-scaled.jpg\" class=\"bg attachment-original size-original\" alt=\"\" \/>                                    \n                    <\/div>\n\t\t\n        <div class=\"banner-layers container\">\n            <div class=\"fill banner-link\"><\/div>            \n\n   <div id=\"text-box-729377365\" class=\"text-box banner-layer x50 md-x90 lg-x90 y75 md-y85 lg-y85 res-text\">\n                                <div class=\"text-box-content text dark\">\n              \n              <div class=\"text-inner text-center\">\n                  \n\n<h3 style=\"text-align: left;\"><strong>Sobre nosotros<\/strong><\/h3>\n<p>\u00a0<\/p>\n<p style=\"text-align: left;\">\u00a0Bienvenidos a Beauty Banana, el coraz\u00f3n de la agricultura sostenible de bananas en la exuberante provincia de Los R\u00edos, Ecuador. Somos un colectivo dedicado de productores de bananas independientes, peque\u00f1os y medianos, que creemos en el poder de la unidad y las pr\u00e1cticas \u00e9ticas para transformar la industria.<\/p>\n<p style=\"text-align: left;\">\u00a0 \u00a0 Fundada bajo el principio del comercio directo y honesto, nuestra asociaci\u00f3n comprende 30 miembros apasionados que han dominado magistralmente el arte de la producci\u00f3n de bananas. Cada semana, suministramos orgullosamente al mercado global 20,000 cajas de nuestras mejores bananas, llegando a manos agradecidas en Europa, Oriente Medio y m\u00e1s all\u00e1.<\/p>\n<p style=\"text-align: center;\">Nuestro Oficio<\/p>\n<p style=\"text-align: left;\">\u00a0 \u00a0 Desde el suelo f\u00e9rtil de nuestras granjas hasta el meticuloso procesamiento en nuestras instalaciones, cada banana convencional y org\u00e1nica es un testimonio de nuestro compromiso con la excelencia. Nuestras bananas no son solo frutas; son el fruto del trabajo que cumple con los m\u00e1s altos est\u00e1ndares internacionales, asegurando que cada bocado que disfrutes sea una celebraci\u00f3n de la calidad.<\/p>\n<p style=\"text-align: left;\">\u00a0 \u00a0 En Beauty Banana, somos m\u00e1s que productores; somos guardianes de la tierra y defensores del bienestar de nuestra comunidad. Nuestras granjas son un s\u00edmbolo de integridad agr\u00edcola, con certificaciones reconocidas de GLOBALG.A.P., y son reconocidas por su seguridad alimentaria y pr\u00e1cticas agr\u00edcolas \u00e9ticas.<\/p>\n<p style=\"text-align: center;\">Nuestra Visi\u00f3n<\/p>\n<p style=\"text-align: left;\">\u00a0 \u00a0 Visualizamos un mundo donde el viaje de nuestras bananas desde la hacienda hasta la mesa sea tan puro como la fruta misma. Al vender directamente a usted, nuestro estimado cliente, eliminamos intermediarios innecesarios, fomentando una conexi\u00f3n m\u00e1s cercana entre el productor y el consumidor. Este enfoque no solo mejora la calidad de nuestros productos, sino que tambi\u00e9n apoya los medios de vida de nuestros agricultores, asegurando que reciban el valor completo                 \n                                      de su incansable trabajo.<\/p>\n\n              <\/div>\n           <\/div>\n                            \n<style>\n#text-box-729377365 {\n  margin: 0px 0px -200px 0px;\n  width: 90%;\n}\n#text-box-729377365 .text-inner {\n  padding: 0px 0px 0px 0px;\n}\n#text-box-729377365 .text-box-content {\n  font-size: 100%;\n}\n@media (min-width:550px) {\n  #text-box-729377365 {\n    margin: 0px 0px -15px 0px;\n    width: 72%;\n  }\n}\n<\/style>\n    <\/div>\n \n   <div id=\"text-box-1677923694\" class=\"text-box banner-layer show-for-small x0 md-x50 lg-x50 y0 md-y50 lg-y50 res-text\">\n                                <div class=\"text-box-content text dark\">\n              \n              <div class=\"text-inner text-center\">\n                  \n\n\t<div id=\"text-3475782247\" class=\"text\">\n\t\t\n\n<h4 style=\"text-align: left;\"><strong>MENU<\/strong><\/h4>\n\t\t\n<style>\n#text-3475782247 {\n  color: rgb(0,0,0);\n}\n#text-3475782247 > * {\n  color: rgb(0,0,0);\n}\n<\/style>\n\t<\/div>\n\t\n\n              <\/div>\n           <\/div>\n                            \n<style>\n#text-box-1677923694 {\n  margin: -4px 0px 0px 9px;\n  width: 60%;\n}\n#text-box-1677923694 .text-box-content {\n  font-size: 100%;\n}\n<\/style>\n    <\/div>\n \n\n        <\/div>\n      <\/div>\n\n            \n<style>\n#banner-1212722335 {\n  padding-top: 215%;\n  background-color: #FFF;\n}\n#banner-1212722335 .banner-bg img {\n  object-position: 50% 0%;\n}\n@media (min-width:550px) {\n  #banner-1212722335 {\n    padding-top: 50%;\n  }\n}\n@media (min-width:850px) {\n  #banner-1212722335 {\n    padding-top: 99.99%;\n  }\n}\n<\/style>\n  <\/div>","protected":false},"excerpt":{"rendered":"","protected":false},"author":1,"featured_media":0,"parent":0,"menu_order":0,"comment_status":"closed","ping_status":"closed","template":"page-transparent-header.php","meta":{"footnotes":""},"class_list":["post-46","page","type-page","status-publish","hentry"],"_links":{"self":[{"href":"https:\/\/bbecuador.com\/es\/wp-json\/wp\/v2\/pages\/46","targetHints":{"allow":["GET"]}}],"collection":[{"href":"https:\/\/bbecuador.com\/es\/wp-json\/wp\/v2\/pages"}],"about":[{"href":"https:\/\/bbecuador.com\/es\/wp-json\/wp\/v2\/types\/page"}],"author":[{"embeddable":true,"href":"https:\/\/bbecuador.com\/es\/wp-json\/wp\/v2\/users\/1"}],"replies":[{"embeddable":true,"href":"https:\/\/bbecuador.com\/es\/wp-json\/wp\/v2\/comments?post=46"}],"version-history":[{"count":129,"href":"https:\/\/bbecuador.com\/es\/wp-json\/wp\/v2\/pages\/46\/revisions"}],"predecessor-version":[{"id":519,"href":"https:\/\/bbecuador.com\/es\/wp-json\/wp\/v2\/pages\/46\/revisions\/519"}],"wp:attachment":[{"href":"https:\/\/bbecuador.com\/es\/wp-json\/wp\/v2\/media?parent=46"}],"curies":[{"name":"wp","href":"https:\/\/api.w.org\/{rel}","templated":true}]}}